{"id":106,"date":"2015-02-18T10:35:57","date_gmt":"2015-02-18T10:35:57","guid":{"rendered":"http:\/\/internationalcorporatelawyer.com\/?page_id=106"},"modified":"2015-02-18T10:59:09","modified_gmt":"2015-02-18T10:59:09","slug":"home-2","status":"publish","type":"page","link":"https:\/\/internationalcorporatelawyer.com\/fr\/","title":{"rendered":"Accueil"},"content":{"rendered":"<p>Anton Micallef est un avocat de cinqui\u00e8me g\u00e9n\u00e9ration dont les pr\u00e9decesseurs comprennent des professeurs universitaires, avocats et notaires de grande r\u00e9putation.<\/p>\n<p>Depuis trois d\u00e9cennies, Anton Micallef a d\u00e9velopp\u00e9 un cabinet de Pratique d\u2019Entreprise qui fournit des conseils \u00e0 des Gouvernements, des soci\u00e9t\u00e9s mondiales, des institutions financi\u00e8res internationales et des entrepreneurs \u00e0 r\u00e9ussite internationale qui m\u00e8nent des op\u00e9rations transfrontali\u00e8res au sein des principaux centres financiers de l\u2019Union Europ\u00e9enne, du Moyen-Orient, de l\u2019Asie et de la C\u00f4te Est des Etats-Unis.<\/p>\n<p>Un client typique est celui qui ne souhaite pas instruire et g\u00e9rer des \u00e9quipes d\u2019avocats pour traiter une transaction commerciale \u00e0 travers multiples juridictions, ni entreprendre une t\u00e2che qui s\u2019\u00e9tale sur plusieurs territoires ou nouveaux march\u00e9s inconnus.<\/p>\n<p>Les clients nomment Anton Micallef comme seul point de contact pour couvrir une vaste gamme de services corporatifs et de conseil y compris la formulation de strat\u00e9gies, outre les services juridiques traditionnels.<\/p>\n<p>Une r\u00e9ponse et une disponibilit\u00e9 imm\u00e9diates, et une approche proactive sont les \u00e9l\u00e9ments cl\u00e9 pour fournir des conseils, services et strat\u00e9gies efficaces, efficients et fiables lorsque des questions et des d\u00e9fis sont trait\u00e9s dans des d\u00e9lais tr\u00e8s rigides.<\/p>\n<p>Les clients sont assist\u00e9s sur une base de 24\/7 en d\u00e9pit de leur zone horaire, leur si\u00e8ge d\u2019activit\u00e9s et leur location , et l\u2019emplacement de leur sujet.<\/p>\n","protected":false},"excerpt":{"rendered":"<p>Anton Micallef est un avocat de cinqui\u00e8me g\u00e9n\u00e9ration dont les pr\u00e9decesseurs comprennent des professeurs universitaires, avocats et notaires de grande r\u00e9putation. Depuis trois d\u00e9cennies, Anton Micallef a d\u00e9velopp\u00e9 un cabinet de Pratique d\u2019Entreprise qui fournit des conseils \u00e0 des Gouvernements, des soci\u00e9t\u00e9s mondiales, des institutions financi\u00e8res internationales et des entrepreneurs \u00e0 r\u00e9ussite internationale qui m\u00e8nent [&hellip;]<\/p>\n","protected":false},"author":1,"featured_media":0,"parent":0,"menu_order":0,"comment_status":"open","ping_status":"open","template":"page_notitle.php","meta":{"footnotes":""},"class_list":["post-106","page","type-page","status-publish","hentry"],"_links":{"self":[{"href":"https:\/\/internationalcorporatelawyer.com\/fr\/wp-json\/wp\/v2\/pages\/106","targetHints":{"allow":["GET"]}}],"collection":[{"href":"https:\/\/internationalcorporatelawyer.com\/fr\/wp-json\/wp\/v2\/pages"}],"about":[{"href":"https:\/\/internationalcorporatelawyer.com\/fr\/wp-json\/wp\/v2\/types\/page"}],"author":[{"embeddable":true,"href":"https:\/\/internationalcorporatelawyer.com\/fr\/wp-json\/wp\/v2\/users\/1"}],"replies":[{"embeddable":true,"href":"https:\/\/internationalcorporatelawyer.com\/fr\/wp-json\/wp\/v2\/comments?post=106"}],"version-history":[{"count":2,"href":"https:\/\/internationalcorporatelawyer.com\/fr\/wp-json\/wp\/v2\/pages\/106\/revisions"}],"predecessor-version":[{"id":108,"href":"https:\/\/internationalcorporatelawyer.com\/fr\/wp-json\/wp\/v2\/pages\/106\/revisions\/108"}],"wp:attachment":[{"href":"https:\/\/internationalcorporatelawyer.com\/fr\/wp-json\/wp\/v2\/media?parent=106"}],"curies":[{"name":"wp","href":"https:\/\/api.w.org\/{rel}","templated":true}]}}