{"id":109,"date":"2015-02-18T10:41:39","date_gmt":"2015-02-18T10:41:39","guid":{"rendered":"http:\/\/internationalcorporatelawyer.com\/?page_id=109"},"modified":"2015-02-21T09:41:36","modified_gmt":"2015-02-21T09:41:36","slug":"biographie","status":"publish","type":"page","link":"https:\/\/internationalcorporatelawyer.com\/fr\/biographie\/","title":{"rendered":"Biographie"},"content":{"rendered":"<div id=\"attachment_148\" style=\"width: 290px\" class=\"wp-caption alignleft\"><img loading=\"lazy\" decoding=\"async\" aria-describedby=\"caption-attachment-148\" class=\"size-full wp-image-148\" src=\"http:\/\/internationalcorporatelawyer.com\/wp-content\/uploads\/2015\/02\/biophoto-e1424511631467.jpg\" alt=\"Dr. Anton Micallef\" width=\"280\" height=\"221\" \/><p id=\"caption-attachment-148\" class=\"wp-caption-text\">Dr. Anton Micallef<\/p><\/div>\n<p>Anton Micallef d\u00e9tient deux doctorats en droit, un Doctorat en Droit (LL.D) de l\u2019Universit\u00e9 de Malte, o\u00f9 il a aussi enseign\u00e9 le droit international pendant plus de vingt ans, et un doctorat en Droit International (Ph.D) de la London School of Economics &amp; Political Science, Universit\u00e9 de Londres.<\/p>\n<p>Au cours des derni\u00e8res trois d\u00e9cennies il a pratiqu\u00e9 le droit commercial international et trans-frontalier. Il fournit des conseils et des solutions sp\u00e9cialis\u00e9s afin que ses clients puissent atteindre leurs buts en affaires gr\u00e2ce \u00e0 une exp\u00e9rience concr\u00e8te des environnements commerciaux extr\u00eamement complexes dans l\u2019UE, le Moyen Orient, et la C\u00f4te Est des Etats-Unis.<\/p>\n<p>Anton Micallef est \u00e0 la t\u00eate d\u2019un groupe d\u2019avocats et de consultants en affaires hautement comp\u00e9tent et exp\u00e9riment\u00e9 au niveau international, qui fournit des conseils \u00e0 travers le paysage \u00e9tabli du droit commercial avec, en particulier, une connaissance approfondie des secteurs corporatifs, maritimes, de transport, aviation, \u00e9nergie, et t\u00e9l\u00e9communications. Sa pratique et son exp\u00e9rience lui permettent d\u2019avoir une compr\u00e9hension rapide et approfondie des affaires de ses clients et de fournir des conseils avis\u00e9s et commercialement pertinents dans un d\u00e9lai convenable.<\/p>\n<p>En 1989, il a \u00e9t\u00e9 nomm\u00e9 consultant en droit international aux enqu\u00eates gouvernementales de l\u2019UE et depuis, il a particip\u00e9 \u00e0 fournir r\u00e9guli\u00e8rement des conseils sur diff\u00e9rentes questions l\u00e9gales, y compris la r\u00e9daction de projets de lois sp\u00e9cialis\u00e9es.<\/p>\n<p>Dans le domaine commercial, Anton Micallef est Pr\u00e9sident et membre de Conseils d\u2019Administration de soci\u00e9t\u00e9s sensiblement capitalis\u00e9es qui m\u00e8nent des affaires au niveau international. En tant que Pr\u00e9sident de Valletta Cruise Port p.l.c., il a men\u00e9 des strat\u00e9gies d\u2019affaires r\u00e9volutionnaires pour la soci\u00e9t\u00e9 qui ont obtenu des r\u00e9sultats d\u00e9cisifs avec les principales organisations de croisi\u00e8re \u00e0 \u00e9chelle mondiale.<\/p>\n<p>La combinaison de son exp\u00e9rience l\u00e9gale et d\u2019affaires lui permet d\u2019avoir la flexibilit\u00e9 n\u00e9cessaire pour fournir des services aussi bien \u00e0 de grosses societ\u00e9s qu\u2019\u00e0 de petites entreprises. Il investit dans une relation \u00e0 long terme avec ses clients et attache beaucoup d\u2019importance \u00e0 la dimension humaine.<\/p>\n","protected":false},"excerpt":{"rendered":"<p>Anton Micallef d\u00e9tient deux doctorats en droit, un Doctorat en Droit (LL.D) de l\u2019Universit\u00e9 de Malte, o\u00f9 il a aussi enseign\u00e9 le droit international pendant plus de vingt ans, et un doctorat en Droit International (Ph.D) de la London School of Economics &amp; Political Science, Universit\u00e9 de Londres. Au cours des derni\u00e8res trois d\u00e9cennies il [&hellip;]<\/p>\n","protected":false},"author":1,"featured_media":0,"parent":0,"menu_order":0,"comment_status":"open","ping_status":"open","template":"","meta":{"footnotes":""},"class_list":["post-109","page","type-page","status-publish","hentry"],"_links":{"self":[{"href":"https:\/\/internationalcorporatelawyer.com\/fr\/wp-json\/wp\/v2\/pages\/109","targetHints":{"allow":["GET"]}}],"collection":[{"href":"https:\/\/internationalcorporatelawyer.com\/fr\/wp-json\/wp\/v2\/pages"}],"about":[{"href":"https:\/\/internationalcorporatelawyer.com\/fr\/wp-json\/wp\/v2\/types\/page"}],"author":[{"embeddable":true,"href":"https:\/\/internationalcorporatelawyer.com\/fr\/wp-json\/wp\/v2\/users\/1"}],"replies":[{"embeddable":true,"href":"https:\/\/internationalcorporatelawyer.com\/fr\/wp-json\/wp\/v2\/comments?post=109"}],"version-history":[{"count":2,"href":"https:\/\/internationalcorporatelawyer.com\/fr\/wp-json\/wp\/v2\/pages\/109\/revisions"}],"predecessor-version":[{"id":151,"href":"https:\/\/internationalcorporatelawyer.com\/fr\/wp-json\/wp\/v2\/pages\/109\/revisions\/151"}],"wp:attachment":[{"href":"https:\/\/internationalcorporatelawyer.com\/fr\/wp-json\/wp\/v2\/media?parent=109"}],"curies":[{"name":"wp","href":"https:\/\/api.w.org\/{rel}","templated":true}]}}