{"id":111,"date":"2015-02-18T10:42:23","date_gmt":"2015-02-18T10:42:23","guid":{"rendered":"http:\/\/internationalcorporatelawyer.com\/?page_id=111"},"modified":"2015-02-18T10:43:06","modified_gmt":"2015-02-18T10:43:06","slug":"controle-diligent","status":"publish","type":"page","link":"https:\/\/internationalcorporatelawyer.com\/fr\/controle-diligent\/","title":{"rendered":"Contr\u00f4le diligent"},"content":{"rendered":"<p>Notre politique \u201cConnaissez Votre Client\u201d adh\u00e8re aux r\u00e9glementations reconnues concernant le blanchiment d\u2019argent.<\/p>\n<p>Comme minimum, les clients sont requis de fournir deux formulaires de preuve d\u2019identit\u00e9, de residence et au moins deux solides references de tiers concernant des individus ainsi que des corporations. Les nouveaux clients sont pries d\u2019assister \u00e0 une r\u00e9union non-virtuelle dans les plus brefs d\u00e9lais.<\/p>\n<p>Les crit\u00e8res peuvent varier de temps en temps selon les nouvelles exigences du march\u00e9 mondial.<\/p>\n<h2>Les Structures Tarifaires<\/h2>\n<p>Les accords tarifaires sont adapt\u00e9s aux choix des clients. La r\u00e9mun\u00e9ration peut \u00eatre effectu\u00e9e selon un tarif horaire, une somme fixe, ou un paiement \u00e0 la fin d\u2019un projet.<\/p>\n<p>Quelle que soit la forme, les structures tarifaires refl\u00e8tent la complexit\u00e9 et la materialit\u00e9 transactionnelles, et sont con\u00e7ues pour recompenser la r\u00e9alisation et l\u2019efficacit\u00e9.<\/p>\n","protected":false},"excerpt":{"rendered":"<p>Notre politique \u201cConnaissez Votre Client\u201d adh\u00e8re aux r\u00e9glementations reconnues concernant le blanchiment d\u2019argent. Comme minimum, les clients sont requis de fournir deux formulaires de preuve d\u2019identit\u00e9, de residence et au moins deux solides references de tiers concernant des individus ainsi que des corporations. Les nouveaux clients sont pries d\u2019assister \u00e0 une r\u00e9union non-virtuelle dans les [&hellip;]<\/p>\n","protected":false},"author":1,"featured_media":0,"parent":0,"menu_order":0,"comment_status":"open","ping_status":"open","template":"","meta":{"footnotes":""},"class_list":["post-111","page","type-page","status-publish","hentry"],"_links":{"self":[{"href":"https:\/\/internationalcorporatelawyer.com\/fr\/wp-json\/wp\/v2\/pages\/111","targetHints":{"allow":["GET"]}}],"collection":[{"href":"https:\/\/internationalcorporatelawyer.com\/fr\/wp-json\/wp\/v2\/pages"}],"about":[{"href":"https:\/\/internationalcorporatelawyer.com\/fr\/wp-json\/wp\/v2\/types\/page"}],"author":[{"embeddable":true,"href":"https:\/\/internationalcorporatelawyer.com\/fr\/wp-json\/wp\/v2\/users\/1"}],"replies":[{"embeddable":true,"href":"https:\/\/internationalcorporatelawyer.com\/fr\/wp-json\/wp\/v2\/comments?post=111"}],"version-history":[{"count":2,"href":"https:\/\/internationalcorporatelawyer.com\/fr\/wp-json\/wp\/v2\/pages\/111\/revisions"}],"predecessor-version":[{"id":113,"href":"https:\/\/internationalcorporatelawyer.com\/fr\/wp-json\/wp\/v2\/pages\/111\/revisions\/113"}],"wp:attachment":[{"href":"https:\/\/internationalcorporatelawyer.com\/fr\/wp-json\/wp\/v2\/media?parent=111"}],"curies":[{"name":"wp","href":"https:\/\/api.w.org\/{rel}","templated":true}]}}