{"id":114,"date":"2015-02-18T10:45:25","date_gmt":"2015-02-18T10:45:25","guid":{"rendered":"http:\/\/internationalcorporatelawyer.com\/?page_id=114"},"modified":"2015-02-18T18:32:49","modified_gmt":"2015-02-18T18:32:49","slug":"domaines-de-pratique","status":"publish","type":"page","link":"https:\/\/internationalcorporatelawyer.com\/fr\/domaines-de-pratique\/","title":{"rendered":"Domaines de Pratique"},"content":{"rendered":"<p><strong>Nos domaines de pratique principaux sont les suivants:<\/strong><\/p>\n<p>Aviation,\u00a0Commercial et d\u2019Entreprise,\u00a0Arbitrage commercial,\u00a0Fusions et Acquisitions,\u00a0Maritime,\u00a0Privatisation,\u00a0<br \/>\nHomologation,\u00a0Propri\u00e9t\u00e9 et Construction,\u00a0R\u00e9sidence, Nationalit\u00e9 et redomiciliation,\u00a0Trusts.<\/p>\n<p>En r\u00e8gle g\u00e9n\u00e9rale, notre assistance est sollicit\u00e9e dans des circonstances atypiques ou uniques. Invariablement, celles-ci impliquent des d\u00e9fis ou \u00e9l\u00e9ments transfrontaliers. Un client pourrait rechercher des conseils et des actions l\u00e9gales sur une transaction unique qui se d\u00e9roule au niveau de plusieurs pays \u00e0 la fois.<\/p>\n<p>Notre force se fonde sur notre solide exp\u00e9rience. Depuis trois d\u00e9cennies, nous sommes le seul point de contact pour des clients qui ont des objectifs commerciaux qui requi\u00e8rent une attention constante et d\u00e9di\u00e9e dans des juridictions diff\u00e9rentes, parfois hors des sentiers battus, que le client conna\u00eet peu ou pas.<\/p>\n<p>Les services principaux que nous entreprenons, souvent dans plusieurs juridictions, sur base r\u00e9guli\u00e8re sont d\u00e9crits ci-dessous.<\/p>\n<h2>Corporatif<\/h2>\n<p>Nous concevons, \u00e9tablissons, administrons, dissolvons, redomicilions, restructurons, achetons et vendons des structures corporatives pour clients \u00e0 travers l\u2019UE, le Moyen Orient, l\u2019Asie et dans les villes principales de la C\u00f4te Est des Etats-Unis.<\/p>\n<p>Nos services vont de la procuration de soci\u00e9t\u00e9s pr\u00e9constitu\u00e9es au conseil et \u00e0 la structuration de v\u00e9hicules d\u2019investissement \u00e9trangers en capital \u00e0 risque, y compris au sein de juridictions peu communes, \u00e0 l\u2019adaptation de statuts complexes pour des corporations \u00e0 multiples actionnaires, d\u2019accords de partenariat, ainsi que la formulation de toute une gamme d\u2019accords commerciaux.<\/p>\n<h2>Gestion de Crise et Investigations Gouvernementales<\/h2>\n<p>Conjointement avec des cabinets d\u2019avocats de premier plan situ\u00e9s \u00e0 Washington DC, nous assistons des soci\u00e9t\u00e9s contractantes approuv\u00e9es par le gouvernement des Etats Unis \u00e0 pr\u00e9venir et \u00e0 g\u00e9rer des d\u00e9fis qui apparaissent r\u00e9guli\u00e8rement au cours de la dur\u00e9e de contrats mondiaux \u00e0 plusieurs centaines de millions. Des cas semblables ont \u00e9t\u00e9 trait\u00e9s dans le cadre de l\u2019UE, y compris avec des autorit\u00e9s contractantes OTAN.<\/p>\n<h2>Trusts<\/h2>\n<p>Depuis un quart de si\u00e8cle, nous avons fourni des conseils sur l\u2019\u00e9tablissement d\u2019un nombre significatif de trusts en tant que moyens de planification patrimoniale, ou structures fiscalement efficaces y compris la s\u00e9lection de juridictions mondialement appropri\u00e9es pour les trusts et les administrateurs.<\/p>\n<h2>Maritime<\/h2>\n<p>Nous nous occupons de tous les aspects l\u00e9gaux concernant la propri\u00e9t\u00e9 ou la gestion de vaisseaux ou de yachts y compris l\u2019inscription hypoth\u00e9caire, les structures de financement et la r\u00e9daction de toute la gamme d\u2019accords commerciaux li\u00e9s \u00e0 l\u2019industrie.<\/p>\n<p>En Europe et au Moyen-Orient nous sommes intervenus du c\u00f4t\u00e9 du vendeur aussi bien que de celui de l\u2019acheteur et nous avons particip\u00e9 \u00e0 certaines acquisitions maritimes internationales des plus complexes, y compris au niveau des contentieux.<\/p>\n<h2>Arbitrage International<\/h2>\n<p>Nous ne traitons que le r\u00e8glement des diff\u00e9rends commerciaux internationaux.<\/p>\n<p>Les services consultatifs vont de la conception de clauses d\u2019arbitrage, \u00e0 la s\u00e9lection du droit applicable, des centres de r\u00e8glement des diff\u00e9rends, de la composition des \u00e9quipes juridiques en mati\u00e8re de contentieux, la gestion de tout le processus du recours judiciaire y compris lorsque des juridictions multiples sont impliqu\u00e9es.<\/p>\n","protected":false},"excerpt":{"rendered":"<p>Nos domaines de pratique principaux sont les suivants: Aviation,\u00a0Commercial et d\u2019Entreprise,\u00a0Arbitrage commercial,\u00a0Fusions et Acquisitions,\u00a0Maritime,\u00a0Privatisation,\u00a0 Homologation,\u00a0Propri\u00e9t\u00e9 et Construction,\u00a0R\u00e9sidence, Nationalit\u00e9 et redomiciliation,\u00a0Trusts. En r\u00e8gle g\u00e9n\u00e9rale, notre assistance est sollicit\u00e9e dans des circonstances atypiques ou uniques. Invariablement, celles-ci impliquent des d\u00e9fis ou \u00e9l\u00e9ments transfrontaliers. Un client pourrait rechercher des conseils et des actions l\u00e9gales sur une transaction unique [&hellip;]<\/p>\n","protected":false},"author":1,"featured_media":0,"parent":0,"menu_order":0,"comment_status":"open","ping_status":"open","template":"","meta":{"footnotes":""},"class_list":["post-114","page","type-page","status-publish","hentry"],"_links":{"self":[{"href":"https:\/\/internationalcorporatelawyer.com\/fr\/wp-json\/wp\/v2\/pages\/114","targetHints":{"allow":["GET"]}}],"collection":[{"href":"https:\/\/internationalcorporatelawyer.com\/fr\/wp-json\/wp\/v2\/pages"}],"about":[{"href":"https:\/\/internationalcorporatelawyer.com\/fr\/wp-json\/wp\/v2\/types\/page"}],"author":[{"embeddable":true,"href":"https:\/\/internationalcorporatelawyer.com\/fr\/wp-json\/wp\/v2\/users\/1"}],"replies":[{"embeddable":true,"href":"https:\/\/internationalcorporatelawyer.com\/fr\/wp-json\/wp\/v2\/comments?post=114"}],"version-history":[{"count":6,"href":"https:\/\/internationalcorporatelawyer.com\/fr\/wp-json\/wp\/v2\/pages\/114\/revisions"}],"predecessor-version":[{"id":143,"href":"https:\/\/internationalcorporatelawyer.com\/fr\/wp-json\/wp\/v2\/pages\/114\/revisions\/143"}],"wp:attachment":[{"href":"https:\/\/internationalcorporatelawyer.com\/fr\/wp-json\/wp\/v2\/media?parent=114"}],"curies":[{"name":"wp","href":"https:\/\/api.w.org\/{rel}","templated":true}]}}