{"id":204,"date":"2017-12-04T22:53:32","date_gmt":"2017-12-04T22:53:32","guid":{"rendered":"http:\/\/internationalcorporatelawyer.com\/?page_id=204"},"modified":"2017-12-04T22:53:59","modified_gmt":"2017-12-04T22:53:59","slug":"trust-seminar-libera-fondazione-padova","status":"publish","type":"page","link":"https:\/\/internationalcorporatelawyer.com\/ru\/trust-seminar-libera-fondazione-padova\/","title":{"rendered":"Trust Seminar &#8211; Libera Fondazione Padova"},"content":{"rendered":"<div class=\"page\" title=\"Page 1\">\n<div class=\"layoutArea\">\n<div class=\"column\">\n<p>Trust, quell\u2019istituto misterioso svelato a Padova da Libera fondazione. Con il prof. Anton Micallef, il generale comandante della Guardia di Finanza Debidda, il presidente dei commercialisti Siciliotti, moderatore il giornalista economico Oscar Giannino<\/p>\n<div class=\"page\" title=\"Page 1\">\n<div class=\"layoutArea\">\n<div class=\"column\">\n<div id=\"attachment_95\" style=\"width: 150px\" class=\"wp-caption alignleft\"><img loading=\"lazy\" decoding=\"async\" aria-describedby=\"caption-attachment-95\" class=\"wp-image-95 size-full\" src=\"http:\/\/internationalcorporatelawyer.com\/wp-content\/uploads\/2015\/02\/oscar-giannino.jpg\" alt=\"oscar-giannino\" width=\"140\" height=\"140\" \/><p id=\"caption-attachment-95\" class=\"wp-caption-text\">Oscar Giannino<\/p><\/div>\n<p>Il trust \u00e8 un istituto giuridico alla quale viene conferita propriet\u00e0 di ogni tipo e nasce dal diritto inglese. Viene utilizzato per affidare ai terzi (trustees) la gestione di propriet\u00e0 per vari motivi ed il pi\u00f9 tipico \u00e8 per proteggere i beni dagli eredi, insomma per la miglior gestione dei propri beni. Ma non \u00e8 sostituibile ad una societ\u00e0 per azioni o a responsabilit\u00e0 limitata!\u201d E\u2019 la spiegazione che d\u00e0 al volo il professor Anton Micallef, esperto tra Europa e Medioriente della normativa del trust alla tavola rotonda organizzata questa mattina allo Sheraton Hotel di Padova da Libera Fondazione a cui hanno partecipato un\u00a0centinaio di invitati. \u201cTrust tra protezione e riservatezza \u201d era il tema. A condurre l\u2019incontro Oscar Giannino, noto giornalista, editorialista, saggista economico conduttore della trasmissione \u201cNove in punto, la versione di Oscar\u201d su Radio 24; ospiti il generale Pasquale Debidda, comandante interregionale dell\u2019Italia Nord-Orientale della Guardia di Finanza, Claudio Siciliotti, presidente del Consiglio nazionale dei dottori commercialisti e degli esperti contabili e per l\u2019appunto lo stesso docente maltese Anton Micallef.<\/p>\n<div class=\"page\" title=\"Page 1\">\n<div class=\"layoutArea\">\n<div class=\"column\">\n<p><img loading=\"lazy\" decoding=\"async\" class=\" size-full wp-image-60 alignright\" src=\"http:\/\/internationalcorporatelawyer.com\/wp-content\/uploads\/2015\/02\/trust.jpg\" alt=\"trust\" width=\"290\" height=\"216\" \/>\u201cCome Libera Fondazione abbiamo voluto dedicare questa mattinata di analisi all\u2019istituto del \u201ctrust\u201d\u201d, ha affermato l\u2019on Giustina\u00a0Mistrello Destro, in qualit\u00e0 di presidente. \u201cSi tratta di uno strumento che pu\u00f2 avere un ruolo importate nella gestione dei patrimoni e nei passaggi generazionali\u201d.<\/p>\n<p>\u201cIl trust \u00e8 poco conosciuto in Italia, ma abbiamo pensato di proporre una riflessione ad operatori, imprese e famiglie\u201d, ha proseguito l\u2019on. Destro. \u201cIl tutto nello spirito di Libera Fondazione che vuole affrontare temi utili a quella evoluzione del sistema economico e sociale che sta investendo il nostro Paese\u201d.<\/p>\n<p>\u201cIl trust \u00e8 un istituto che offre dei vantaggi validissimi\u201d, ha affermato il generale Debidda. \u201cSpero che nel nostro ordinamento ci sia in futuro un riconoscimento di questo istituto e non solo una ratifica della convenzione dell\u2019Aja\u201d. E ha sottolineato il comandante della GdF del Nordest: \u201cE\u2019 uno strumento che consente di superare molte difficolt\u00e0 dalla pianificazione fiscale internazionale a quelle legate ai regimi familiari pi\u00f9 o meno \u2018difficili&#8217;: ce lo dimostra la legislazione anglosassone\u201d.<\/p>\n<p>\u201cPu\u00f2 essere uno strumento vicino alle famiglie se viene utilizzato per fini fisiologici\u201d, spiega Debidda, \u201cdiciamo cos\u00ec, limitatamente alla separazione del patrimonio dalla gestione interna alla famiglia stessa\u201d. Per esempio per far gestire il patrimonio per un figlio con disagio psichico.<\/p>\n<div class=\"page\" title=\"Page 2\">\n<div class=\"layoutArea\">\n<div class=\"column\">\n<p>\u201cNoi come GdF siamo attenti e verifichiamo che questo strumento sia utilizzato per le finalit\u00e0 originarie e non come uno strumento di interposizione che possa offrire spunti negativi e patologici per coloro che vogliono andare \u2018contra legem\u2019. La legge, infatti, dice chiaramente che non si pu\u00f2 fare un trust attraverso un non-trust\u201d.<\/p>\n<p>\u201cIn Italia \u00e8 ancora difficile capire cosa sia il trust: \u00e8 una questione di evoluzione di mentalit\u00e0\u201d. Lo ha affermato il presidente del Consiglio nazionale dei commercialisti Siciliotti che ha dato anche quella che lui considera la miglior definizione del trust: \u201cUno strumento che non consente di fare quello che la legge impedisce, ma consente di fare quello che la legge non prevede. Quindi la protezione del proprio patrimonio nel passaggio generazionale pu\u00f2 essere tutelato da uno strumento come questo\u201d.<\/p>\n<p>\u201cL\u2019ostacolo pi\u00f9 importante che noi consulenti rileviamo con i nostri utenti\u201d, ha proseguito Siciliotti, \u201c\u00e8 la questione della propriet\u00e0 delle cose\u201d. \u201cNel mondo anglosassone si dice: che t\u2019importa? meglio essere proprietario o utilizzare il bene come ti pare? Forse dobbiamo rivolgerci pi\u00f9 facilmente a questo strumento proprio per la sua flessibilit\u00e0\u201d.<\/p>\n<p>\u201cNon esistono format, sistemi gi\u00e0 preconfezionati sul trust, semmai esistono dei vestiti tagliati su misura: ovvero c\u2019\u00e8 la possibilit\u00e0 di essere ascoltati per quello che sono le proprie esigenze e risolverle nell\u2019ambito di una libert\u00e0 e di una discrezionalit\u00e0 che il diritto positivo di stampo romano non assicura\u201d. E ha concluso il presidente del Collegio nazionale dei commercialisti: \u201cGiovandoci di una convenzione internazionale \u00e8 possibile fare trust qui in Italia!\u201d<\/p>\n<p>\u201cIl trust non pu\u00f2 essere un prestanome \u2013 ha affermato Siciliotti \u2013 o un espediente per sottrarsi agli obblighi fiscali, ma uno strumento positivo oggi sempre pi\u00f9 adatto a proteggere un patrimonio\u201d.<\/p>\n<p>A mettere in guardia i tecnici italiani \u00e8 stato in conclusione di dibattito proprio l\u2019esperto anglo-maltese: \u201cIn Italia il trust va studiato bene prima di essere applicato, bisogna adattarlo alle esigenze culturali tipiche di questo popolo\u201d. E ha concluso Micallef: \u201cPer dirlo in termini semplici ma efficaci il trust \u00e8 fondato sul \u201ctrust\u201d (in inglese \u201ctrust\u201d significa fiducia) e serve soprattutto per gestire i soldi delle famiglie e difenderli dall\u2019invidia, dalla troppa intelligenza o dalla stupidit\u00e0\u201d.<\/p>\n<\/div>\n<\/div>\n<\/div>\n<\/div>\n<\/div>\n<\/div>\n<\/div>\n<\/div>\n<\/div>\n<\/div>\n<\/div>\n<\/div>\n","protected":false},"excerpt":{"rendered":"<p>Trust, quell\u2019istituto misterioso svelato a Padova da Libera fondazione. Con il prof. Anton Micallef, il generale comandante della Guardia di Finanza Debidda, il presidente dei commercialisti Siciliotti, moderatore il giornalista economico Oscar Giannino Il trust \u00e8 un istituto giuridico alla quale viene conferita propriet\u00e0 di ogni tipo e nasce dal diritto inglese. Viene utilizzato per [&hellip;]<\/p>\n","protected":false},"author":1,"featured_media":0,"parent":0,"menu_order":0,"comment_status":"open","ping_status":"open","template":"","meta":{"footnotes":""},"class_list":["post-204","page","type-page","status-publish","hentry"],"_links":{"self":[{"href":"https:\/\/internationalcorporatelawyer.com\/ru\/wp-json\/wp\/v2\/pages\/204","targetHints":{"allow":["GET"]}}],"collection":[{"href":"https:\/\/internationalcorporatelawyer.com\/ru\/wp-json\/wp\/v2\/pages"}],"about":[{"href":"https:\/\/internationalcorporatelawyer.com\/ru\/wp-json\/wp\/v2\/types\/page"}],"author":[{"embeddable":true,"href":"https:\/\/internationalcorporatelawyer.com\/ru\/wp-json\/wp\/v2\/users\/1"}],"replies":[{"embeddable":true,"href":"https:\/\/internationalcorporatelawyer.com\/ru\/wp-json\/wp\/v2\/comments?post=204"}],"version-history":[{"count":2,"href":"https:\/\/internationalcorporatelawyer.com\/ru\/wp-json\/wp\/v2\/pages\/204\/revisions"}],"predecessor-version":[{"id":206,"href":"https:\/\/internationalcorporatelawyer.com\/ru\/wp-json\/wp\/v2\/pages\/204\/revisions\/206"}],"wp:attachment":[{"href":"https:\/\/internationalcorporatelawyer.com\/ru\/wp-json\/wp\/v2\/media?parent=204"}],"curies":[{"name":"wp","href":"https:\/\/api.w.org\/{rel}","templated":true}]}}